{"id":30,"date":"2023-12-12T21:10:16","date_gmt":"2023-12-12T20:10:16","guid":{"rendered":"https:\/\/chezberangere.fr\/?page_id=30"},"modified":"2023-12-28T10:35:42","modified_gmt":"2023-12-28T09:35:42","slug":"soupes","status":"publish","type":"page","link":"https:\/\/chezberangere.fr\/index.php\/soupes\/","title":{"rendered":"SOUPES"},"content":{"rendered":"\n<p>Pour vous r\u00e9chauffer devant votre chemin\u00e9e, venez r\u00e9cup\u00e9rer votre soupe faite maison chez B\u00e9rang\u00e8re !<\/p>\n\n\n\n<h2 class=\"wp-block-heading\">Les tarifs<\/h2>\n\n\n\n<p>1 litre &#8211; <strong><em>6 \u20ac<\/em><\/strong><\/p>\n\n\n\n<p>48 cl &#8211; <strong><em>3 \u20ac<\/em><\/strong><\/p>\n\n\n\n<blockquote class=\"wp-block-quote is-layout-flow wp-block-quote-is-layout-flow\">\n<p><em><a href=\"http:\/\/chezberangere.fr\/wp-content\/uploads\/2023\/12\/tableau-allergene-1.pdf\" target=\"_blank\" rel=\"noreferrer noopener\">Liste des allerg\u00e8nes<\/a><\/em><\/p>\n<\/blockquote>\n","protected":false},"excerpt":{"rendered":"<div class=\"entry-summary\">\nPour vous r\u00e9chauffer devant votre chemin\u00e9e, venez r\u00e9cup\u00e9rer votre soupe faite maison&hellip;\n<\/div>\n<div class=\"link-more\"><a href=\"https:\/\/chezberangere.fr\/index.php\/soupes\/\" class=\"more-link\">Voir plus<span class=\"screen-reader-text\"> &ldquo;SOUPES&rdquo;<\/span>&hellip;<\/a><\/div>\n","protected":false},"author":2,"featured_media":22,"parent":0,"menu_order":0,"comment_status":"closed","ping_status":"closed","template":"","meta":{"footnotes":""},"class_list":["post-30","page","type-page","status-publish","has-post-thumbnail","hentry","entry"],"_links":{"self":[{"href":"https:\/\/chezberangere.fr\/index.php\/wp-json\/wp\/v2\/pages\/30","targetHints":{"allow":["GET"]}}],"collection":[{"href":"https:\/\/chezberangere.fr\/index.php\/wp-json\/wp\/v2\/pages"}],"about":[{"href":"https:\/\/chezberangere.fr\/index.php\/wp-json\/wp\/v2\/types\/page"}],"author":[{"embeddable":true,"href":"https:\/\/chezberangere.fr\/index.php\/wp-json\/wp\/v2\/users\/2"}],"replies":[{"embeddable":true,"href":"https:\/\/chezberangere.fr\/index.php\/wp-json\/wp\/v2\/comments?post=30"}],"version-history":[{"count":4,"href":"https:\/\/chezberangere.fr\/index.php\/wp-json\/wp\/v2\/pages\/30\/revisions"}],"predecessor-version":[{"id":107,"href":"https:\/\/chezberangere.fr\/index.php\/wp-json\/wp\/v2\/pages\/30\/revisions\/107"}],"wp:featuredmedia":[{"embeddable":true,"href":"https:\/\/chezberangere.fr\/index.php\/wp-json\/wp\/v2\/media\/22"}],"wp:attachment":[{"href":"https:\/\/chezberangere.fr\/index.php\/wp-json\/wp\/v2\/media?parent=30"}],"curies":[{"name":"wp","href":"https:\/\/api.w.org\/{rel}","templated":true}]}}