{"id":16,"date":"2023-12-12T21:07:33","date_gmt":"2023-12-12T20:07:33","guid":{"rendered":"https:\/\/chezberangere.fr\/?page_id=16"},"modified":"2024-02-25T20:08:52","modified_gmt":"2024-02-25T19:08:52","slug":"accras","status":"publish","type":"page","link":"https:\/\/chezberangere.fr\/index.php\/accras\/","title":{"rendered":"ACCRAS"},"content":{"rendered":"\n<p>LE VENDREDI SOIR ET LE SAMEDI SOIR<\/p>\n\n\n\n<p>D\u00e9couvrez les accras chez B\u00e9rang\u00e8re, au prix de <strong><em>5 \u20ac les 10. <\/em><\/strong><\/p>\n\n\n\n<p> R\u00e9servez les au  06.59.41.19.45 ! <\/p>\n\n\n\n<blockquote class=\"wp-block-quote is-layout-flow wp-block-quote-is-layout-flow\">\n<p><em><a href=\"http:\/\/chezberangere.fr\/wp-content\/uploads\/2023\/12\/tableau-allergene-1.pdf\" target=\"_blank\" rel=\"noreferrer noopener\">Liste des allerg\u00e8nes<\/a><\/em><\/p>\n<\/blockquote>\n","protected":false},"excerpt":{"rendered":"<div class=\"entry-summary\">\nLE VENDREDI SOIR ET LE SAMEDI SOIR D\u00e9couvrez les accras chez B\u00e9rang\u00e8re,&hellip;\n<\/div>\n<div class=\"link-more\"><a href=\"https:\/\/chezberangere.fr\/index.php\/accras\/\" class=\"more-link\">Voir plus<span class=\"screen-reader-text\"> &ldquo;ACCRAS&rdquo;<\/span>&hellip;<\/a><\/div>\n","protected":false},"author":1,"featured_media":18,"parent":0,"menu_order":0,"comment_status":"closed","ping_status":"closed","template":"","meta":{"footnotes":""},"class_list":["post-16","page","type-page","status-publish","has-post-thumbnail","hentry","entry"],"_links":{"self":[{"href":"https:\/\/chezberangere.fr\/index.php\/wp-json\/wp\/v2\/pages\/16","targetHints":{"allow":["GET"]}}],"collection":[{"href":"https:\/\/chezberangere.fr\/index.php\/wp-json\/wp\/v2\/pages"}],"about":[{"href":"https:\/\/chezberangere.fr\/index.php\/wp-json\/wp\/v2\/types\/page"}],"author":[{"embeddable":true,"href":"https:\/\/chezberangere.fr\/index.php\/wp-json\/wp\/v2\/users\/1"}],"replies":[{"embeddable":true,"href":"https:\/\/chezberangere.fr\/index.php\/wp-json\/wp\/v2\/comments?post=16"}],"version-history":[{"count":8,"href":"https:\/\/chezberangere.fr\/index.php\/wp-json\/wp\/v2\/pages\/16\/revisions"}],"predecessor-version":[{"id":245,"href":"https:\/\/chezberangere.fr\/index.php\/wp-json\/wp\/v2\/pages\/16\/revisions\/245"}],"wp:featuredmedia":[{"embeddable":true,"href":"https:\/\/chezberangere.fr\/index.php\/wp-json\/wp\/v2\/media\/18"}],"wp:attachment":[{"href":"https:\/\/chezberangere.fr\/index.php\/wp-json\/wp\/v2\/media?parent=16"}],"curies":[{"name":"wp","href":"https:\/\/api.w.org\/{rel}","templated":true}]}}